{"id":43,"date":"2013-08-20T14:04:41","date_gmt":"2013-08-20T12:04:41","guid":{"rendered":"http:\/\/www.schaeferchem.de\/wordpress\/?page_id=43"},"modified":"2020-08-12T15:09:40","modified_gmt":"2020-08-12T13:09:40","slug":"service","status":"publish","type":"page","link":"https:\/\/jp.schaefer-metallurgie.de\/jpMetallurgie\/service\/","title":{"rendered":"Service"},"content":{"rendered":"[et_pb_section fb_built=&#8220;1&#8243; fullwidth=&#8220;on&#8220; _builder_version=&#8220;3.22&#8243;][et_pb_fullwidth_slider admin_label=&#8220;Fullwidth Slider&#8220; _builder_version=&#8220;4.5.3&#8243; custom_padding=&#8220;|||&#8220; custom_padding_tablet=&#8220;|||&#8220; custom_padding_phone=&#8220;|||&#8220; hover_enabled=&#8220;0&#8243; box_shadow_style=&#8220;preset6&#8243; box_shadow_blur=&#8220;10px&#8220; box_shadow_color=&#8220;rgba(0,0,0,0.1)&#8220; show_inner_shadow=&#8220;on&#8220; button_text_size__hover_enabled=&#8220;off&#8220; button_one_text_size__hover_enabled=&#8220;off&#8220; button_two_text_size__hover_enabled=&#8220;off&#8220; button_text_color__hover_enabled=&#8220;off&#8220; button_one_text_color__hover_enabled=&#8220;off&#8220; button_two_text_color__hover_enabled=&#8220;off&#8220; button_border_width__hover_enabled=&#8220;off&#8220; button_one_border_width__hover_enabled=&#8220;off&#8220; button_two_border_width__hover_enabled=&#8220;off&#8220; button_border_color__hover_enabled=&#8220;off&#8220; button_one_border_color__hover_enabled=&#8220;off&#8220; button_two_border_color__hover_enabled=&#8220;off&#8220; button_border_radius__hover_enabled=&#8220;off&#8220; button_one_border_radius__hover_enabled=&#8220;off&#8220; button_two_border_radius__hover_enabled=&#8220;off&#8220; button_letter_spacing__hover_enabled=&#8220;off&#8220; button_one_letter_spacing__hover_enabled=&#8220;off&#8220; button_two_letter_spacing__hover_enabled=&#8220;off&#8220; button_bg_color__hover_enabled=&#8220;off&#8220; button_one_bg_color__hover_enabled=&#8220;off&#8220; button_two_bg_color__hover_enabled=&#8220;off&#8220;][et_pb_slide heading=&#8220;\u79c1\u305f\u3061\u306e\u30b5\u30fc\u30d3\u30b9&#8220; _builder_version=&#8220;4.5.3&#8243; background_color=&#8220;#ffffff&#8220; background_image=&#8220;https:\/\/jp.schaefer-metallurgie.de\/jpMetallurgie\/wordpress\/wp-content\/uploads\/2013\/08\/Service1.gif&#8220; hover_enabled=&#8220;0&#8243; button_text_size__hover_enabled=&#8220;off&#8220; button_one_text_size__hover_enabled=&#8220;off&#8220; button_two_text_size__hover_enabled=&#8220;off&#8220; button_text_color__hover_enabled=&#8220;off&#8220; button_one_text_color__hover_enabled=&#8220;off&#8220; button_two_text_color__hover_enabled=&#8220;off&#8220; button_border_width__hover_enabled=&#8220;off&#8220; button_one_border_width__hover_enabled=&#8220;off&#8220; button_two_border_width__hover_enabled=&#8220;off&#8220; button_border_color__hover_enabled=&#8220;off&#8220; button_one_border_color__hover_enabled=&#8220;off&#8220; button_two_border_color__hover_enabled=&#8220;off&#8220; button_border_radius__hover_enabled=&#8220;off&#8220; button_one_border_radius__hover_enabled=&#8220;off&#8220; button_two_border_radius__hover_enabled=&#8220;off&#8220; button_letter_spacing__hover_enabled=&#8220;off&#8220; button_one_letter_spacing__hover_enabled=&#8220;off&#8220; button_two_letter_spacing__hover_enabled=&#8220;off&#8220; button_bg_color__hover_enabled=&#8220;off&#8220; button_one_bg_color__hover_enabled=&#8220;off&#8220; button_two_bg_color__hover_enabled=&#8220;off&#8220;][\/et_pb_slide][\/et_pb_fullwidth_slider][\/et_pb_section][et_pb_section fb_built=&#8220;1&#8243; _builder_version=&#8220;3.22&#8243;][et_pb_row _builder_version=&#8220;3.25&#8243; background_size=&#8220;initial&#8220; background_position=&#8220;top_left&#8220; background_repeat=&#8220;repeat&#8220; column_structure=&#8220;1_3,2_3&#8243;][et_pb_column type=&#8220;1_3&#8243; _builder_version=&#8220;3.25&#8243; custom_padding=&#8220;|||&#8220; custom_padding__hover=&#8220;|||&#8220;][et_pb_image src=&#8220;https:\/\/jp.schaefer-metallurgie.de\/jpMetallurgie\/wordpress\/wp-content\/uploads\/2013\/08\/Service1.gif&#8220; align_tablet=&#8220;center&#8220; align_last_edited=&#8220;on|desktop&#8220; admin_label=&#8220;Bild&#8220; _builder_version=&#8220;3.23&#8243; animation_style=&#8220;slide&#8220; animation_direction=&#8220;left&#8220; animation_duration=&#8220;500ms&#8220; animation_intensity_slide=&#8220;10%&#8220; animation=&#8220;left&#8220; sticky=&#8220;off&#8220;][\/et_pb_image][\/et_pb_column][et_pb_column type=&#8220;2_3&#8243; _builder_version=&#8220;3.25&#8243; custom_padding=&#8220;|||&#8220; custom_padding__hover=&#8220;|||&#8220;][et_pb_text admin_label=&#8220;Text&#8220; _builder_version=&#8220;4.5.3&#8243; background_size=&#8220;initial&#8220; background_position=&#8220;top_left&#8220; background_repeat=&#8220;repeat&#8220; hover_enabled=&#8220;0&#8243;]\n<p style=\"text-align: justify;\">\u30c8\u30fc\u30de\u30b9\u30fb\u30af\u30e9\u30c3\u30b0\u535a\u58eb\u3001\u30f4\u30a9\u30eb\u30d5\u30ac\u30f3\u30b0\u30fb\u30d5\u30a9\u30fc\u30b2\u30eb\u535a\u58eb\u3001\u304a\u3088\u3073\u5c02\u9580\u5bb6\u30c1\u30fc\u30e0\u306f\u3001\u92f3\u9020\u6642\u306b\u767a\u751f\u3059\u308b\u53ef\u80fd\u6027\u306e\u3042\u308b\u6b20\u9665\u306e\u539f\u56e0\u3092\u5206\u6790\u3057\u3001\u6587\u66f8\u5316\u3057\u307e\u3059\u3002\u305f\u3068\u3048\u3070\u3001\u7834\u640d\u3084\u6f0f\u308c\u3001\u304a\u3088\u3073\u5fc5\u8981\u306b\u5fdc\u3058\u3066\u4e00\u822c\u7684\u306a\u89e3\u6c7a\u7b56\u3092\u958b\u767a\u3057\u307e\u3059\u3002\u307e\u305f\u3001\u4e00\u9023\u306e\u30c6\u30b9\u30c8\u3092\u884c\u3063\u3066\u3001\u6539\u826f\u51e6\u7406\u306e\u7a0b\u5ea6\uff08\u30ca\u30c8\u30ea\u30a6\u30e0\u307e\u305f\u306f\u30b9\u30c8\u30ed\u30f3\u30c1\u30a6\u30e0\uff09\u3092\u6c7a\u5b9a\u3057\u3001\u7a7a\u6d1e\uff08\u53ce\u7e2e\u5b54\u3068\u7d30\u5b54\uff09\u3068\u76f8\u3092\u5b9a\u7fa9\u3057\u307e\u3059\u3002<\/p>\n<div align=\"left\">\n<div align=\"right\">\n<p style=\"text-align: justify;\" align=\"justify\"><strong>\u5fae\u7d30\u69cb\u9020\u691c\u67fb<\/strong><\/p>\n<p style=\"text-align: justify;\" align=\"justify\">\u4e0d\u7d14\u7269\/\u6539\u826f\u51e6\u7406\u306e\u7a0b\u5ea6\u306b\u95a2\u3059\u308b\u78ba\u5b9f\u6027\u306f\u3001\u5fae\u7d30\u69cb\u9020\u3092\u30c6\u30b9\u30c8\u3059\u308b\u3053\u3068\u306b\u3088\u3063\u3066\u5f97\u3089\u308c\u3001\u53ce\u7e2e\u5b54\u3068\u7d30\u5b54\u304c\u767a\u898b\u3055\u308c\u307e\u3059\u3002\u3053\u306e\u30c6\u30b9\u30c8\u306f\u3001\u30d5\u30a7\u30fc\u30ba\u306b\u95a2\u3059\u308b\u60c5\u5831\u3068\u71b1\u51e6\u7406\u306e\u5206\u6790\u3092\u63d0\u4f9b\u3057\u3001\u51dd\u56fa\u6642\u9593\u3068\u76f8\u306e\u5747\u4e00\u306a\u5206\u5e03\u3092\u793a\u3059\u3053\u3068\u304c\u3067\u304d\u307e\u3059\u3002<\/p>\n<p style=\"text-align: justify;\" align=\"justify\"><strong>\u91d1\u5c5e\u7d44\u7e54\u6a19\u672c<\/strong><\/p>\n<p style=\"text-align: justify;\" align=\"justify\">\u30de\u30a4\u30af\u30ed\u30bb\u30af\u30b7\u30e7\u30f3\u306f\u3001\u92f3\u9020\u306e\u5185\u90e8\u3092\u8996\u899a\u5316\u3057\u307e\u3059\u3002\u8868\u9762\u307e\u305f\u306f\u4e2d\u592e\u306e\u65ad\u9762\u3092\u5206\u6790\u3057\u3001\u30c1\u30eb\u3001\u5927\u91cf\u306e\u84c4\u7a4d\u304a\u3088\u3073\u30b2\u30fc\u30c8\u306e\u56fa\u5316\u72b6\u6cc1\u3092\u793a\u3057\u307e\u3059\u3002<\/p>\n<p style=\"text-align: justify;\" align=\"justify\"><strong>\u51b6\u91d1\u30ec\u30dd\u30fc\u30c8\u306e\u4f5c\u6210<\/strong><\/p>\n<p style=\"text-align: justify;\" align=\"justify\">\u51b6\u91d1\u30ec\u30dd\u30fc\u30c8\u3067\u306f\u3001\u6eb6\u6e6f\u306e\u54c1\u8cea\u3092\u6587\u66f8\u5316\u3057\u3001\u6539\u826f\u51e6\u7406\u307e\u305f\u306f\u7d50\u6676\u7c92\u5fae\u7d30\u5316\u306e\u6210\u679c\u306b\u3064\u3044\u3066\u8a71\u3057\u5408\u3044\u3001\u71b1\u51e6\u7406\u306e\u7a0b\u5ea6\u3092\u6c7a\u5b9a\u3057\u3001\u92f3\u9020\u306e\u8a73\u7d30\u306a\u753b\u50cf\u3092\u63d0\u4f9b\u3057\u307e\u3059\u3002<\/p>\n<p style=\"text-align: justify;\" align=\"justify\"><strong>\u30c0\u30e1\u30fc\u30b8\u5206\u6790<\/strong><\/p>\n<p style=\"text-align: justify;\">\u640d\u50b7\u5206\u6790\u306e\u4e00\u74b0\u3068\u3057\u3066\u3001\u92f3\u9020\u306e\u6b20\u9665\u306e\u7406\u7531\u3092\u63a2\u3057\u307e\u3059\u3002\u92f3\u9020\u4e0d\u826f\u3092\u767a\u898b\u3057\u3001\u5c06\u6765\u7684\u306b\u56de\u907f\u3059\u308b\u65b9\u6cd5\u3092\u793a\u3057\u307e\u3059\u3002<\/p>\n<\/div>\n<\/div>\n[\/et_pb_text][\/et_pb_column][\/et_pb_row][\/et_pb_section]\n","protected":false},"excerpt":{"rendered":"<p>\u30c8\u30fc\u30de\u30b9\u30fb\u30af\u30e9\u30c3\u30b0\u535a\u58eb\u3001\u30f4\u30a9\u30eb\u30d5\u30ac\u30f3\u30b0\u30fb\u30d5\u30a9\u30fc\u30b2\u30eb\u535a\u58eb\u3001\u304a\u3088\u3073\u5c02\u9580\u5bb6\u30c1\u30fc\u30e0\u306f\u3001\u92f3\u9020\u6642\u306b\u767a\u751f\u3059\u308b\u53ef\u80fd\u6027\u306e\u3042\u308b\u6b20\u9665\u306e\u539f\u56e0\u3092\u5206\u6790\u3057\u3001\u6587\u66f8\u5316\u3057\u307e\u3059\u3002\u305f\u3068\u3048\u3070\u3001\u7834\u640d\u3084\u6f0f\u308c\u3001\u304a\u3088\u3073\u5fc5\u8981\u306b\u5fdc\u3058\u3066\u4e00\u822c\u7684\u306a\u89e3\u6c7a\u7b56\u3092\u958b\u767a\u3057\u307e\u3059\u3002\u307e\u305f\u3001\u4e00\u9023\u306e\u30c6\u30b9\u30c8\u3092\u884c\u3063\u3066\u3001\u6539\u826f\u51e6\u7406\u306e\u7a0b\u5ea6\uff08\u30ca\u30c8\u30ea\u30a6\u30e0\u307e\u305f\u306f\u30b9\u30c8\u30ed\u30f3\u30c1\u30a6\u30e0\uff09\u3092\u6c7a\u5b9a\u3057\u3001\u7a7a\u6d1e\uff08\u53ce\u7e2e\u5b54\u3068\u7d30\u5b54\uff09\u3068\u76f8\u3092\u5b9a\u7fa9\u3057\u307e\u3059\u3002 \u5fae\u7d30\u69cb\u9020\u691c\u67fb \u4e0d\u7d14\u7269\/\u6539\u826f\u51e6\u7406\u306e\u7a0b\u5ea6\u306b\u95a2\u3059\u308b\u78ba\u5b9f\u6027\u306f\u3001\u5fae\u7d30\u69cb\u9020\u3092\u30c6\u30b9\u30c8\u3059\u308b\u3053\u3068\u306b\u3088\u3063\u3066\u5f97\u3089\u308c\u3001\u53ce\u7e2e\u5b54\u3068\u7d30\u5b54\u304c\u767a\u898b\u3055\u308c\u307e\u3059\u3002\u3053\u306e\u30c6\u30b9\u30c8\u306f\u3001\u30d5\u30a7\u30fc\u30ba\u306b\u95a2\u3059\u308b\u60c5\u5831\u3068\u71b1\u51e6\u7406\u306e\u5206\u6790\u3092\u63d0\u4f9b\u3057\u3001\u51dd\u56fa\u6642\u9593\u3068\u76f8\u306e\u5747\u4e00\u306a\u5206\u5e03\u3092\u793a\u3059\u3053\u3068\u304c\u3067\u304d\u307e\u3059\u3002 \u91d1\u5c5e\u7d44\u7e54\u6a19\u672c \u30de\u30a4\u30af\u30ed\u30bb\u30af\u30b7\u30e7\u30f3\u306f\u3001\u92f3\u9020\u306e\u5185\u90e8\u3092\u8996\u899a\u5316\u3057\u307e\u3059\u3002\u8868\u9762\u307e\u305f\u306f\u4e2d\u592e\u306e\u65ad\u9762\u3092\u5206\u6790\u3057\u3001\u30c1\u30eb\u3001\u5927\u91cf\u306e\u84c4\u7a4d\u304a\u3088\u3073\u30b2\u30fc\u30c8\u306e\u56fa\u5316\u72b6\u6cc1\u3092\u793a\u3057\u307e\u3059\u3002 \u51b6\u91d1\u30ec\u30dd\u30fc\u30c8\u306e\u4f5c\u6210 \u51b6\u91d1\u30ec\u30dd\u30fc\u30c8\u3067\u306f\u3001\u6eb6\u6e6f\u306e\u54c1\u8cea\u3092\u6587\u66f8\u5316\u3057\u3001\u6539\u826f\u51e6\u7406\u307e\u305f\u306f\u7d50\u6676\u7c92\u5fae\u7d30\u5316\u306e\u6210\u679c\u306b\u3064\u3044\u3066\u8a71\u3057\u5408\u3044\u3001\u71b1\u51e6\u7406\u306e\u7a0b\u5ea6\u3092\u6c7a\u5b9a\u3057\u3001\u92f3\u9020\u306e\u8a73\u7d30\u306a\u753b\u50cf\u3092\u63d0\u4f9b\u3057\u307e\u3059\u3002 \u30c0\u30e1\u30fc\u30b8\u5206\u6790 \u640d\u50b7\u5206\u6790\u306e\u4e00\u74b0\u3068\u3057\u3066\u3001\u92f3\u9020\u306e\u6b20\u9665\u306e\u7406\u7531\u3092\u63a2\u3057\u307e\u3059\u3002\u92f3\u9020\u4e0d\u826f\u3092\u767a\u898b\u3057\u3001\u5c06\u6765\u7684\u306b\u56de\u907f\u3059\u308b\u65b9\u6cd5\u3092\u793a\u3057\u307e\u3059\u3002<\/p>\n","protected":false},"author":1,"featured_media":0,"parent":0,"menu_order":0,"comment_status":"open","ping_status":"open","template":"","meta":{"_et_pb_use_builder":"on","_et_pb_old_content":"<div style=\"text-align: justify;\"><h2 style=\"text-align: justify;\" align=\"center\"><span style=\"color: #081571;\"><strong>Serviceangebote<\/strong><\/span><\/h2><p>Mit seinem Know-how hilft das Team der Firma <span class=\"Stil1\">SCH\u00c4FER Chemische Fabrik<\/span> unter der Leitung<br \/> von Dr. Wolfgang Vogel, die Ursache von Fehlern im Gu\u00dfteil - etwa im Falle eines Bruches<br \/> oder einer Undichtigkeit heraus-zuarbeiten und zu dokumentieren. Hierzu geh\u00f6ren auch regelm\u00e4\u00dfige<br \/> Reihenunter-suchungen zur Ermittlung des Veredelungs-grades (Natrium und Strontium), zur<br \/> Bestimmung von Hohlr\u00e4umen (Lunker und Poren) und Phasen<\/p><div align=\"left\"><div align=\"right\"><p style=\"text-align: justify;\" align=\"justify\"><strong>Gef\u00fcgeuntersuchung<\/strong><\/p><p style=\"text-align: justify;\" align=\"justify\">Die Gef\u00fcgeuntersuchung gibt Gewissheit \u00fcber den Grad der Verunreinigung. Lunker und Poren<br \/> werden aufgedeckt. Der Veredelungsgrad wird ermittelt.<br \/> Die Untersuchung gibt Auskunft \u00fcber Phasen und analysiert W\u00e4rmebehandlungen. Aussagen \u00fcber<br \/> die Erstarrungsgeschwindigkeit und \u00fcber die Gleichverteilung von Phasen werden m\u00f6glich.<\/p><p style=\"text-align: justify;\" align=\"justify\"><strong>Schlifferstellung<\/strong><\/p><p style=\"text-align: justify;\" align=\"justify\">Die Schlifferstellung visualisiert das Innere des Gussteils. Sie ermittelt Bereiche an der Oberfl\u00e4che<br \/> oder im Zentrum und verdeutlicht die Erstarrungsverh\u00e4ltnisse an K\u00fchlk\u00f6rpern, Massenanh\u00e4ufungen<br \/> und Anschnitten.<\/p><p style=\"text-align: justify;\" align=\"justify\"><strong>Erstellung metallurgischer Gutachten<\/strong><\/p><p style=\"text-align: justify;\" align=\"justify\">In unseren metallurgischen Gutachten dokumentieren wir die Qualit\u00e4t einer Schmelze, er\u00f6rtern den Erfolg<br \/> einer Veredelung oder Kornfeinung, ermitteln den Grad einer W\u00e4rmebehandlung und geben ein umfassendes<br \/> Bild des Gu\u00dfteils.<\/p><p style=\"text-align: justify;\" align=\"justify\"><strong>Schadensanalye<\/strong><strong><em><\/em><\/strong><\/p><p style=\"text-align: justify;\">Schadensanalysen suchen die Ursachen f\u00fcr das Fehlverhalten des Gu\u00dfteils, decken Fehler beim Gie\u00dfen auf<br \/> und zeigen Wege zur Vermeidung von Fehlern.<\/p><\/div><\/div><\/div>","_et_gb_content_width":"","footnotes":""},"class_list":["post-43","page","type-page","status-publish","hentry"],"_links":{"self":[{"href":"https:\/\/jp.schaefer-metallurgie.de\/jpMetallurgie\/wp-json\/wp\/v2\/pages\/43","targetHints":{"allow":["GET"]}}],"collection":[{"href":"https:\/\/jp.schaefer-metallurgie.de\/jpMetallurgie\/wp-json\/wp\/v2\/pages"}],"about":[{"href":"https:\/\/jp.schaefer-metallurgie.de\/jpMetallurgie\/wp-json\/wp\/v2\/types\/page"}],"author":[{"embeddable":true,"href":"https:\/\/jp.schaefer-metallurgie.de\/jpMetallurgie\/wp-json\/wp\/v2\/users\/1"}],"replies":[{"embeddable":true,"href":"https:\/\/jp.schaefer-metallurgie.de\/jpMetallurgie\/wp-json\/wp\/v2\/comments?post=43"}],"version-history":[{"count":1,"href":"https:\/\/jp.schaefer-metallurgie.de\/jpMetallurgie\/wp-json\/wp\/v2\/pages\/43\/revisions"}],"predecessor-version":[{"id":2792,"href":"https:\/\/jp.schaefer-metallurgie.de\/jpMetallurgie\/wp-json\/wp\/v2\/pages\/43\/revisions\/2792"}],"wp:attachment":[{"href":"https:\/\/jp.schaefer-metallurgie.de\/jpMetallurgie\/wp-json\/wp\/v2\/media?parent=43"}],"curies":[{"name":"wp","href":"https:\/\/api.w.org\/{rel}","templated":true}]}}