{"id":783,"date":"2014-06-24T13:38:11","date_gmt":"2014-06-24T11:38:11","guid":{"rendered":"http:\/\/www.schaeferchem.de\/wordpress\/?page_id=783"},"modified":"2020-07-23T13:12:10","modified_gmt":"2020-07-23T11:12:10","slug":"qualitaet","status":"publish","type":"page","link":"https:\/\/jp.schaefer-metallurgie.de\/jpMetallurgie\/qualitaet\/","title":{"rendered":"Qualit\u00e4t"},"content":{"rendered":"[et_pb_section fb_built=&#8220;1&#8243; fullwidth=&#8220;on&#8220; admin_label=&#8220;section&#8220; _builder_version=&#8220;3.22&#8243;][et_pb_fullwidth_slider show_arrows=&#8220;off&#8220; show_pagination=&#8220;off&#8220; admin_label=&#8220;Fullwidth Slider&#8220; _builder_version=&#8220;4.4.7&#8243; custom_padding=&#8220;|||&#8220; custom_padding_tablet=&#8220;|||&#8220; custom_padding_phone=&#8220;|||&#8220; auto=&#8220;on&#8220; hover_enabled=&#8220;0&#8243; box_shadow_style=&#8220;preset6&#8243; box_shadow_blur=&#8220;10px&#8220; box_shadow_color=&#8220;rgba(0,0,0,0.1)&#8220; show_inner_shadow=&#8220;on&#8220; button_text_size__hover_enabled=&#8220;off&#8220; button_one_text_size__hover_enabled=&#8220;off&#8220; button_two_text_size__hover_enabled=&#8220;off&#8220; button_text_color__hover_enabled=&#8220;off&#8220; button_one_text_color__hover_enabled=&#8220;off&#8220; button_two_text_color__hover_enabled=&#8220;off&#8220; button_border_width__hover_enabled=&#8220;off&#8220; button_one_border_width__hover_enabled=&#8220;off&#8220; button_two_border_width__hover_enabled=&#8220;off&#8220; button_border_color__hover_enabled=&#8220;off&#8220; button_one_border_color__hover_enabled=&#8220;off&#8220; button_two_border_color__hover_enabled=&#8220;off&#8220; button_border_radius__hover_enabled=&#8220;off&#8220; button_one_border_radius__hover_enabled=&#8220;off&#8220; button_two_border_radius__hover_enabled=&#8220;off&#8220; button_letter_spacing__hover_enabled=&#8220;off&#8220; button_one_letter_spacing__hover_enabled=&#8220;off&#8220; button_two_letter_spacing__hover_enabled=&#8220;off&#8220; button_bg_color__hover_enabled=&#8220;off&#8220; button_one_bg_color__hover_enabled=&#8220;off&#8220; button_two_bg_color__hover_enabled=&#8220;off&#8220;][et_pb_slide _builder_version=&#8220;4.4.7&#8243; background_color=&#8220;#ffffff&#8220; background_image=&#8220;https:\/\/jp.schaefer-metallurgie.de\/jpMetallurgie\/wordpress\/wp-content\/uploads\/2014\/06\/IMGP2570.jpg&#8220; hover_enabled=&#8220;0&#8243; button_text_size__hover_enabled=&#8220;off&#8220; button_one_text_size__hover_enabled=&#8220;off&#8220; button_two_text_size__hover_enabled=&#8220;off&#8220; button_text_color__hover_enabled=&#8220;off&#8220; button_one_text_color__hover_enabled=&#8220;off&#8220; button_two_text_color__hover_enabled=&#8220;off&#8220; button_border_width__hover_enabled=&#8220;off&#8220; button_one_border_width__hover_enabled=&#8220;off&#8220; button_two_border_width__hover_enabled=&#8220;off&#8220; button_border_color__hover_enabled=&#8220;off&#8220; button_one_border_color__hover_enabled=&#8220;off&#8220; button_two_border_color__hover_enabled=&#8220;off&#8220; button_border_radius__hover_enabled=&#8220;off&#8220; button_one_border_radius__hover_enabled=&#8220;off&#8220; button_two_border_radius__hover_enabled=&#8220;off&#8220; button_letter_spacing__hover_enabled=&#8220;off&#8220; button_one_letter_spacing__hover_enabled=&#8220;off&#8220; button_two_letter_spacing__hover_enabled=&#8220;off&#8220; button_bg_color__hover_enabled=&#8220;off&#8220; button_one_bg_color__hover_enabled=&#8220;off&#8220; button_two_bg_color__hover_enabled=&#8220;off&#8220; heading=&#8220;\u54c1\u8cea&#8220;][\/et_pb_slide][\/et_pb_fullwidth_slider][\/et_pb_section][et_pb_section fb_built=&#8220;1&#8243; admin_label=&#8220;section&#8220; _builder_version=&#8220;3.22&#8243; background_color=&#8220;#fcfcfc&#8220;][et_pb_row column_structure=&#8220;1_3,2_3&#8243; admin_label=&#8220;row&#8220; _builder_version=&#8220;3.25&#8243; background_size=&#8220;initial&#8220; background_position=&#8220;top_left&#8220; background_repeat=&#8220;repeat&#8220;][et_pb_column type=&#8220;1_3&#8243; _builder_version=&#8220;3.25&#8243; custom_padding=&#8220;|||&#8220; custom_padding__hover=&#8220;|||&#8220;][et_pb_sidebar area=&#8220;cs-unternehmen-sidebar&#8220; admin_label=&#8220;Sidebar&#8220; _builder_version=&#8220;3.0.74&#8243; custom_padding=&#8220;0px|||||&#8220;][\/et_pb_sidebar][et_pb_divider show_divider=&#8220;off&#8220; disabled_on=&#8220;on|on|off&#8220; admin_label=&#8220;Divider&#8220; _builder_version=&#8220;3.2&#8243;][\/et_pb_divider][et_pb_image src=&#8220;https:\/\/jp.schaefer-metallurgie.de\/jpMetallurgie\/wordpress\/wp-content\/uploads\/2015\/03\/Qualit\u00e4t-k.jpg&#8220; align_tablet=&#8220;center&#8220; align_phone=&#8220;&#8220; align_last_edited=&#8220;on|desktop&#8220; disabled_on=&#8220;on||&#8220; admin_label=&#8220;Bild&#8220; _builder_version=&#8220;3.23&#8243; animation_style=&#8220;slide&#8220; animation_direction=&#8220;left&#8220; animation_duration=&#8220;500ms&#8220; animation_intensity_slide=&#8220;10%&#8220; animation=&#8220;left&#8220; sticky=&#8220;off&#8220; use_border_color=&#8220;off&#8220; border_color=&#8220;#ffffff&#8220; border_style=&#8220;solid&#8220; always_center_on_mobile=&#8220;on&#8220;][\/et_pb_image][\/et_pb_column][et_pb_column type=&#8220;2_3&#8243; _builder_version=&#8220;3.25&#8243; custom_padding=&#8220;|||&#8220; custom_padding__hover=&#8220;|||&#8220;][et_pb_text admin_label=&#8220;Text&#8220; _builder_version=&#8220;4.4.7&#8243; background_size=&#8220;initial&#8220; background_position=&#8220;top_left&#8220; background_repeat=&#8220;repeat&#8220;]\n<div align=\"left\">\u30b7\u30a7\u30fc\u30d5\u30a1\u793e\u3067\u306f\u3001\u54c1\u8cea\u7ba1\u7406\u306b\u9577\u3044\u6b74\u53f2\u304c\u3042\u308a\u307e\u3059\u300290\u5e74\u4ee5\u4e0a\u306b\u308f\u305f\u308a\u3001\u304a\u5ba2\u69d8\u306b\u306f\u91d1\u5c5e\u6eb6\u6e6f\u306e\u51e6\u7406\u306b\u4e00\u8cab\u3057\u3066\u3001\u9ad8\u54c1\u8cea\u306e\u30b7\u30a7\u30fc\u30d5\u30a1\u30fc\u793e\u306e\u88fd\u54c1\u3092\u4f7f\u7528\u3057\u3066\u9802\u3044\u3066\u3044\u307e\u3059\u3002<\/div>\n<p align=\"left\">\u5897\u3048\u7d9a\u3051\u308b\u88fd\u54c1\u8981\u671b\u3092\u6e80\u305f\u3059\u305f\u3081\u306b\u3001\u30d0\u30ea\u30e5\u30fc\u30c1\u30a7\u30fc\u30f3\u5168\u4f53\u3067\u54c1\u8cea\u4fdd\u8a3c\u304c\u6c42\u3081\u3089\u308c\u307e\u3059\u3002\u30b5\u30d7\u30e9\u30a4\u30e4\u30fc\u3092\u614e\u91cd\u306b\u9078\u629e\u3057\u3001\u539f\u6750\u6599\u3092\u8cac\u4efb\u3092\u6301\u3063\u3066\u8cfc\u5165\u3059\u308b\u3053\u3068\u304c\u3001\u5f53\u793e\u306e\u9ad8\u54c1\u8cea\u306a\u88fd\u54c1\u306e\u57fa\u790e\u3067\u3059\u3002<br \/>\u751f\u7523\u30d7\u30ed\u30bb\u30b9\u3067\u306f\u3001\u8cc7\u683c\u306e\u3042\u308b\u8a13\u7df4\u3055\u308c\u305f\u5f93\u696d\u54e1\u3001\u69cb\u9020\u5316\u3055\u308c\u305f\u30ef\u30fc\u30af\u30d5\u30ed\u30fc\u3001\u6700\u5148\u7aef\u306e\u8a2d\u5099\u3092\u5c0e\u5165\u3057\u3066\u3044\u307e\u3059\u3002<\/p>\n<p align=\"left\">2000\u5e74\u4ee5\u964d\u3001\u5f53\u793e\u306e\u54c1\u8cea\u7ba1\u7406\u306fISO 9001\u306b\u57fa\u3065\u3044\u3066\u8a8d\u8a3c\u3055\u308c\u3001\u7d99\u7d9a\u7684\u306a\u6539\u5584\u3068\u3044\u3046\u6a19\u6e96\u539f\u5247\u3092\u53cd\u6620\u3057\u3066\u3044\u307e\u3059\u3002\u5e02\u5834\u306e\u8981\u4ef6\u306e\u6025\u6fc0\u306a\u5909\u5316\u306b\u8fc5\u901f\u306b\u5bfe\u5fdc\u3067\u304d\u308b\u3088\u3046\u306b\u3001\u88fd\u54c1\u3092\u3055\u3089\u306b\u958b\u767a\u3057\u3066\u3044\u307e\u3059\u3002\u88fd\u54c1\u306e\u9769\u65b0\u3082\u3001\u5f53\u793e\u306e\u30b3\u30a2\u30b3\u30f3\u30d4\u30c6\u30f3\u30b9\u306e1\u3064\u3067\u3059\u3002<\/p>\n<p align=\"justify\">\u79c1\u305f\u3061\u306e\u30b5\u30fc\u30d3\u30b9\u306f\u3001\u3059\u3079\u3066\u306e\u304a\u5ba2\u69d8\u306e\u30cb\u30fc\u30ba\u3001\u8208\u5473\u3001\u500b\u3005\u306e\u8981\u671b\u306b\u7126\u70b9\u3092\u5f53\u3066\u3066\u3044\u307e\u3059\u3002\u3053\u308c\u306f\u3001\u30b7\u30a7\u30fc\u30d5\u30a1\u30fc\u793e\u306e\u3059\u3079\u3066\u306e\u30d3\u30b8\u30cd\u30b9\u95a2\u4fc2\u306e\u57fa\u790e\u3068\u306a\u308a\u307e\u3059\u3002\u5f53\u793e\u306e\u9867\u5ba2\u306f\u3001\u4ee3\u7406\u5e97\u3001\u518d\u8ca9\u696d\u8005\u3001\u304a\u3088\u3073\u92f3\u9020\u5de5\u5834\u3067\u306e\u91d1\u5c5e\u6eb6\u6e6f\u306e\u51e6\u7406\u306b\u5f53\u793e\u306e\u88fd\u54c1\u3092\u4f7f\u7528\u3057\u3066\u9802\u3044\u3066\u3044\u308b\u4f01\u696d\u3067\u3059\u3002<\/p>\n<div align=\"justify\">\u60c5\u5831\u4e0d\u8db3\u306b\u3088\u308b\u554f\u3044\u5408\u308f\u305b\u3084\u82e6\u60c5\u3092\u56de\u907f\u3059\u308b\u305f\u3081\u306b\u3001\u3042\u3089\u3086\u308b\u30b1\u30fc\u30b9\uff08\u6ce8\u6587\uff09\u3067\u304a\u5ba2\u69d8\u306e\u30cb\u30fc\u30ba\u3068\u8981\u671b\u3092\u6b63\u78ba\u306b\u8abf\u67fb\u3057\u307e\u3059\u3002<\/div>\n<p>\u304a\u5ba2\u69d8\u304c\u5fc5\u8981\u3068\u3059\u308b\u3082\u306e\uff1a<\/p>\n<div align=\"left\">\n<ul>\n<li>\u4fe1\u983c\u6027\uff08\u6b63\u78ba\u3067\u4e88\u5b9a\u3069\u304a\u308a\u306e \u7d0d\u54c1\uff09<\/li>\n<li>\u67d4\u8edf\u6027\uff08\u9867\u5ba2\u306e\u7279\u5225\u306a\u30cb\u30fc\u30ba\u3068\u8981\u671b\u3092\u6e80\u305f\u3059\uff09<\/li>\n<li>\u30b3\u30f3\u30b5\u30eb\u30bf\u30f3\u30c8\uff08\u6709\u80fd\u306a\u88fd\u54c1\u60c5\u5831\uff09<\/li>\n<li>\u54c1\u8cea\uff08\u9ad8\u54c1\u8cea\u306e\u88fd\u54c1\uff09<\/li>\n<\/ul>\n<p>\u3055\u3089\u306b\u3001\u5f53\u793e\u306e\u304a\u5ba2\u69d8\u306f\u3001\u304a\u5ba2\u69d8\u306e\u30cb\u30fc\u30ba\u3068\u8981\u671b\u3092\u6e80\u305f\u3059\u3060\u3051\u3067\u306a\u304f\u3001\u5e02\u5834\u3092\u3057\u3063\u304b\u308a\u3068\u76e3\u8996\u3057\u3001\u6280\u8853\u306e\u9032\u6b69\u306b\u3064\u3044\u3066\u3044\u304f\u3053\u3068\u3092\u671f\u5f85\u3055\u308c\u3066\u3044\u307e\u3059\u3002\u305d\u306e\u305f\u3081\u3001\u5f97\u3089\u308c\u305f\u77e5\u8b58\u3092\u30b3\u30f3\u30b5\u30eb\u30c6\u30a3\u30f3\u30b0\u30b5\u30fc\u30d3\u30b9\u306b\u7d71\u5408\u3059\u308b\u3053\u3068\u3067\u3001\u3054\u671f\u5f85\u306b\u306b\u304a\u7b54\u3048\u3059\u308b\u3053\u3068\u304c\u3067\u304d\u307e\u3059\u3002<\/p>\n<p>\u54c1\u8cea\u306e\u539f\u5247\u306f\u6b21\u306e\u3068\u304a\u308a\u3067\u3059\u3002<\/p>\n<ul>\n<li>\u304a\u5ba2\u69d8\u306b\u5bfe\u3059\u308b\u4fe1\u983c\u6027<\/li>\n<li>\u30de\u30fc\u30b1\u30c6\u30a3\u30f3\u30b0\u306e\u30bb\u30ad\u30e5\u30ea\u30c6\u30a3\uff08\u9ad8\u54c1\u8cea\u306e\u88fd\u54c1\uff09<\/li>\n<li>\u5e02\u5834\u3078\u306e\u5f71\u97ff<\/li>\n<li>\u67d4\u8edf\u6027\u3001\u00a0\u5e02\u5834\u8981\u671b\u306e\u6025\u6fc0\u306a\u5909\u5316\uff08\u5e02\u5834\u3078\u306e\u8fd1\u63a5\u6027\uff09\u306b\u8fc5\u901f\u306b\u9069\u5fdc\u304a\u3088\u3073\u5bfe\u5fdc\u3059\u308b\u80fd\u529b<\/li>\n<li>\u304a\u5ba2\u69d8\u3078\u306e\u30b5\u30dd\u30fc\u30c8\u304a\u3088\u3073\u7d99\u7d9a\u7684\u306a\u30b3\u30df\u30e5\u30cb\u30b1\u30fc\u30b7\u30e7\u30f3<\/li>\n<\/ul>\n<p>&nbsp;<\/p>\n<\/div>\n[\/et_pb_text][\/et_pb_column][\/et_pb_row][\/et_pb_section]\n","protected":false},"excerpt":{"rendered":"<p>\u30b7\u30a7\u30fc\u30d5\u30a1\u793e\u3067\u306f\u3001\u54c1\u8cea\u7ba1\u7406\u306b\u9577\u3044\u6b74\u53f2\u304c\u3042\u308a\u307e\u3059\u300290\u5e74\u4ee5\u4e0a\u306b\u308f\u305f\u308a\u3001\u304a\u5ba2\u69d8\u306b\u306f\u91d1\u5c5e\u6eb6\u6e6f\u306e\u51e6\u7406\u306b\u4e00\u8cab\u3057\u3066\u3001\u9ad8\u54c1\u8cea\u306e\u30b7\u30a7\u30fc\u30d5\u30a1\u30fc\u793e\u306e\u88fd\u54c1\u3092\u4f7f\u7528\u3057\u3066\u9802\u3044\u3066\u3044\u307e\u3059\u3002 \u5897\u3048\u7d9a\u3051\u308b\u88fd\u54c1\u8981\u671b\u3092\u6e80\u305f\u3059\u305f\u3081\u306b\u3001\u30d0\u30ea\u30e5\u30fc\u30c1\u30a7\u30fc\u30f3\u5168\u4f53\u3067\u54c1\u8cea\u4fdd\u8a3c\u304c\u6c42\u3081\u3089\u308c\u307e\u3059\u3002\u30b5\u30d7\u30e9\u30a4\u30e4\u30fc\u3092\u614e\u91cd\u306b\u9078\u629e\u3057\u3001\u539f\u6750\u6599\u3092\u8cac\u4efb\u3092\u6301\u3063\u3066\u8cfc\u5165\u3059\u308b\u3053\u3068\u304c\u3001\u5f53\u793e\u306e\u9ad8\u54c1\u8cea\u306a\u88fd\u54c1\u306e\u57fa\u790e\u3067\u3059\u3002\u751f\u7523\u30d7\u30ed\u30bb\u30b9\u3067\u306f\u3001\u8cc7\u683c\u306e\u3042\u308b\u8a13\u7df4\u3055\u308c\u305f\u5f93\u696d\u54e1\u3001\u69cb\u9020\u5316\u3055\u308c\u305f\u30ef\u30fc\u30af\u30d5\u30ed\u30fc\u3001\u6700\u5148\u7aef\u306e\u8a2d\u5099\u3092\u5c0e\u5165\u3057\u3066\u3044\u307e\u3059\u3002 2000\u5e74\u4ee5\u964d\u3001\u5f53\u793e\u306e\u54c1\u8cea\u7ba1\u7406\u306fISO 9001\u306b\u57fa\u3065\u3044\u3066\u8a8d\u8a3c\u3055\u308c\u3001\u7d99\u7d9a\u7684\u306a\u6539\u5584\u3068\u3044\u3046\u6a19\u6e96\u539f\u5247\u3092\u53cd\u6620\u3057\u3066\u3044\u307e\u3059\u3002\u5e02\u5834\u306e\u8981\u4ef6\u306e\u6025\u6fc0\u306a\u5909\u5316\u306b\u8fc5\u901f\u306b\u5bfe\u5fdc\u3067\u304d\u308b\u3088\u3046\u306b\u3001\u88fd\u54c1\u3092\u3055\u3089\u306b\u958b\u767a\u3057\u3066\u3044\u307e\u3059\u3002\u88fd\u54c1\u306e\u9769\u65b0\u3082\u3001\u5f53\u793e\u306e\u30b3\u30a2\u30b3\u30f3\u30d4\u30c6\u30f3\u30b9\u306e1\u3064\u3067\u3059\u3002 \u79c1\u305f\u3061\u306e\u30b5\u30fc\u30d3\u30b9\u306f\u3001\u3059\u3079\u3066\u306e\u304a\u5ba2\u69d8\u306e\u30cb\u30fc\u30ba\u3001\u8208\u5473\u3001\u500b\u3005\u306e\u8981\u671b\u306b\u7126\u70b9\u3092\u5f53\u3066\u3066\u3044\u307e\u3059\u3002\u3053\u308c\u306f\u3001\u30b7\u30a7\u30fc\u30d5\u30a1\u30fc\u793e\u306e\u3059\u3079\u3066\u306e\u30d3\u30b8\u30cd\u30b9\u95a2\u4fc2\u306e\u57fa\u790e\u3068\u306a\u308a\u307e\u3059\u3002\u5f53\u793e\u306e\u9867\u5ba2\u306f\u3001\u4ee3\u7406\u5e97\u3001\u518d\u8ca9\u696d\u8005\u3001\u304a\u3088\u3073\u92f3\u9020\u5de5\u5834\u3067\u306e\u91d1\u5c5e\u6eb6\u6e6f\u306e\u51e6\u7406\u306b\u5f53\u793e\u306e\u88fd\u54c1\u3092\u4f7f\u7528\u3057\u3066\u9802\u3044\u3066\u3044\u308b\u4f01\u696d\u3067\u3059\u3002 \u60c5\u5831\u4e0d\u8db3\u306b\u3088\u308b\u554f\u3044\u5408\u308f\u305b\u3084\u82e6\u60c5\u3092\u56de\u907f\u3059\u308b\u305f\u3081\u306b\u3001\u3042\u3089\u3086\u308b\u30b1\u30fc\u30b9\uff08\u6ce8\u6587\uff09\u3067\u304a\u5ba2\u69d8\u306e\u30cb\u30fc\u30ba\u3068\u8981\u671b\u3092\u6b63\u78ba\u306b\u8abf\u67fb\u3057\u307e\u3059\u3002 \u304a\u5ba2\u69d8\u304c\u5fc5\u8981\u3068\u3059\u308b\u3082\u306e\uff1a \u4fe1\u983c\u6027\uff08\u6b63\u78ba\u3067\u4e88\u5b9a\u3069\u304a\u308a\u306e \u7d0d\u54c1\uff09 \u67d4\u8edf\u6027\uff08\u9867\u5ba2\u306e\u7279\u5225\u306a\u30cb\u30fc\u30ba\u3068\u8981\u671b\u3092\u6e80\u305f\u3059\uff09 \u30b3\u30f3\u30b5\u30eb\u30bf\u30f3\u30c8\uff08\u6709\u80fd\u306a\u88fd\u54c1\u60c5\u5831\uff09 \u54c1\u8cea\uff08\u9ad8\u54c1\u8cea\u306e\u88fd\u54c1\uff09 \u3055\u3089\u306b\u3001\u5f53\u793e\u306e\u304a\u5ba2\u69d8\u306f\u3001\u304a\u5ba2\u69d8\u306e\u30cb\u30fc\u30ba\u3068\u8981\u671b\u3092\u6e80\u305f\u3059\u3060\u3051\u3067\u306a\u304f\u3001\u5e02\u5834\u3092\u3057\u3063\u304b\u308a\u3068\u76e3\u8996\u3057\u3001\u6280\u8853\u306e\u9032\u6b69\u306b\u3064\u3044\u3066\u3044\u304f\u3053\u3068\u3092\u671f\u5f85\u3055\u308c\u3066\u3044\u307e\u3059\u3002\u305d\u306e\u305f\u3081\u3001\u5f97\u3089\u308c\u305f\u77e5\u8b58\u3092\u30b3\u30f3\u30b5\u30eb\u30c6\u30a3\u30f3\u30b0\u30b5\u30fc\u30d3\u30b9\u306b\u7d71\u5408\u3059\u308b\u3053\u3068\u3067\u3001\u3054\u671f\u5f85\u306b\u306b\u304a\u7b54\u3048\u3059\u308b\u3053\u3068\u304c\u3067\u304d\u307e\u3059\u3002 \u54c1\u8cea\u306e\u539f\u5247\u306f\u6b21\u306e\u3068\u304a\u308a\u3067\u3059\u3002 \u304a\u5ba2\u69d8\u306b\u5bfe\u3059\u308b\u4fe1\u983c\u6027 \u30de\u30fc\u30b1\u30c6\u30a3\u30f3\u30b0\u306e\u30bb\u30ad\u30e5\u30ea\u30c6\u30a3\uff08\u9ad8\u54c1\u8cea\u306e\u88fd\u54c1\uff09 \u5e02\u5834\u3078\u306e\u5f71\u97ff \u67d4\u8edf\u6027\u3001\u00a0\u5e02\u5834\u8981\u671b\u306e\u6025\u6fc0\u306a\u5909\u5316\uff08\u5e02\u5834\u3078\u306e\u8fd1\u63a5\u6027\uff09\u306b\u8fc5\u901f\u306b\u9069\u5fdc\u304a\u3088\u3073\u5bfe\u5fdc\u3059\u308b\u80fd\u529b \u304a\u5ba2\u69d8\u3078\u306e\u30b5\u30dd\u30fc\u30c8\u304a\u3088\u3073\u7d99\u7d9a\u7684\u306a\u30b3\u30df\u30e5\u30cb\u30b1\u30fc\u30b7\u30e7\u30f3 &nbsp;<\/p>\n","protected":false},"author":1,"featured_media":0,"parent":0,"menu_order":0,"comment_status":"closed","ping_status":"closed","template":"","meta":{"_et_pb_use_builder":"on","_et_pb_old_content":"<h1>Qualit\u00e4tssicherung<\/h1><p>\u00a0<\/p><p>\u00a0<\/p><div align=\"left\">Kunden der <span class=\"Stil1\">SCH\u00c4FER Chemische Fabrik GmbH<\/span> sind Abnehmer von Produkten zur Metallschmelzebehandlung in Gie\u00dfereien, Vertretungen und Wiederverk\u00e4ufer.<\/div><p align=\"left\">Allgemeine Forderungen unserer Kunden sind:<\/p><div align=\"left\"><ul><li>Zuverl\u00e4ssigkeit (fristgerechte und korrekte Belieferung)<\/li><li>Flexibilit\u00e4t (Eingehen auf spezielle W\u00fcnsche und Anforderungen)<\/li><li>Beratung (kompetente Produktausk\u00fcnfte)<\/li><li>Qualit\u00e4t (hochwertige Produkteigenschaften).<\/li><\/ul><\/div><p align=\"justify\">Bei jedem konkreten Gesch\u00e4ftsfall (Auftrag) werden die Bed\u00fcrfnisse und Forderungen des bzw. der Kunden exakt ermittelt, um R\u00fcckfragen und Reklamationen, die durch mangelhafte Erhebung der Interessen von Kunden entstehen k\u00f6nnen, auszuschlie\u00dfen.<\/p><div align=\"justify\">\u00dcber diese Bed\u00fcrfnisse und Forderungen hinaus erwarten die Lieferanten und Kunden, dass die <span class=\"Stil1\">SCH\u00c4FER Chemische Fabrik GmbH<\/span> st\u00e4ndig ein Ohr am Puls des Marktes und des technologischen Fortschritts hat und die so gewonnenen Erkenntnisse in der Beratung f\u00fcr die Vermarktung bzw. Verwertung an sie weitergibt.<\/div><p align=\"justify\">Als Grundlage aller Gesch\u00e4ftsbeziehungen der <span class=\"Stil1\">SCH\u00c4FER Chemische Fabrik GmbH<\/span> gilt die verantwortungsvolle Ausrichtung der Dienstleistungen an den Bed\u00fcrfnissen, Interessen, W\u00fcnschen und individuellen Voraussetzungen jedes einzelnen Kunden.<\/p><p align=\"left\">Unsere <span class=\"Stil1\"><strong>Qualit\u00e4tsgrunds\u00e4tze<\/strong><\/span> lauten:<\/p><div align=\"left\"><ul><li>Zuverl\u00e4ssigkeit im Verh\u00e4ltnis zu den Kunden<\/li><li>Vermarktungssicherheit (Qualit\u00e4t der Produkte)<\/li><li>Markteinfluss<\/li><li>Flexibilit\u00e4t, Anpassungs- und Reaktionsf\u00e4higkeit an die sich schnell \u00e4ndernden Markterfordernisse (Marktn\u00e4he)<\/li><li>Intensive Betreuung unserer Kunden und st\u00e4ndige Kommunikation mit diesen.<\/li><\/ul><\/div><p>\u00a0<\/p>","_et_gb_content_width":"","footnotes":""},"class_list":["post-783","page","type-page","status-publish","hentry"],"_links":{"self":[{"href":"https:\/\/jp.schaefer-metallurgie.de\/jpMetallurgie\/wp-json\/wp\/v2\/pages\/783","targetHints":{"allow":["GET"]}}],"collection":[{"href":"https:\/\/jp.schaefer-metallurgie.de\/jpMetallurgie\/wp-json\/wp\/v2\/pages"}],"about":[{"href":"https:\/\/jp.schaefer-metallurgie.de\/jpMetallurgie\/wp-json\/wp\/v2\/types\/page"}],"author":[{"embeddable":true,"href":"https:\/\/jp.schaefer-metallurgie.de\/jpMetallurgie\/wp-json\/wp\/v2\/users\/1"}],"replies":[{"embeddable":true,"href":"https:\/\/jp.schaefer-metallurgie.de\/jpMetallurgie\/wp-json\/wp\/v2\/comments?post=783"}],"version-history":[{"count":3,"href":"https:\/\/jp.schaefer-metallurgie.de\/jpMetallurgie\/wp-json\/wp\/v2\/pages\/783\/revisions"}],"predecessor-version":[{"id":2219,"href":"https:\/\/jp.schaefer-metallurgie.de\/jpMetallurgie\/wp-json\/wp\/v2\/pages\/783\/revisions\/2219"}],"wp:attachment":[{"href":"https:\/\/jp.schaefer-metallurgie.de\/jpMetallurgie\/wp-json\/wp\/v2\/media?parent=783"}],"curies":[{"name":"wp","href":"https:\/\/api.w.org\/{rel}","templated":true}]}}